{"id":5536,"date":"2021-04-15T15:29:46","date_gmt":"2021-04-15T15:29:46","guid":{"rendered":"http:\/\/www.keliyagwh.com\/icongroupdrcdemo2\/?page_id=5536"},"modified":"2021-06-06T20:35:46","modified_gmt":"2021-06-06T20:35:46","slug":"equipe-anne-busanga","status":"publish","type":"page","link":"http:\/\/www.keliyagwh.com\/icongroupdrcdemo2\/equipe-anne-busanga\/","title":{"rendered":"Equipe &#8211; Anne Busanga"},"content":{"rendered":"\t\t<div data-elementor-type=\"wp-page\" data-elementor-id=\"5536\" class=\"elementor elementor-5536\" data-elementor-settings=\"[]\">\n\t\t\t\t\t\t\t<div class=\"elementor-section-wrap\">\n\t\t\t\t\t        <section data-particle_enable=\"false\" data-particle-mobile-disabled=\"false\" class=\"elementor-section elementor-top-section elementor-element elementor-element-2645f20 elementor-section-content-middle elementor-section-boxed elementor-section-height-default elementor-section-height-default\" data-id=\"2645f20\" data-element_type=\"section\">\n            \n                        <div class=\"elementor-container elementor-column-gap-extended \">\n                    <div class=\"elementor-column elementor-col-50 elementor-top-column elementor-element elementor-element-33d032e\" data-id=\"33d032e\" data-element_type=\"column\">\n            <div class=\"elementor-widget-wrap elementor-element-populated\">\n                        \t\t<div class=\"elementor-element elementor-element-0f31e21 elementor-widget elementor-widget-ct_heading\" data-id=\"0f31e21\" data-element_type=\"widget\" data-widget_type=\"ct_heading.default\">\n\t\t\t\t<div class=\"elementor-widget-container\">\n\t\t\t<div class=\"ct-heading h-align-  sub- ct-heading-left item-st-line-top1\" data-wow-delay=\"ms\">\r\n\t    <h3 class=\"item--title st-line-top1\">\r\n                    <div class=\"ct-heading-divider\"><span><\/span><\/div>\r\n                <span>\r\n                        Des solutions pour les entreprises de demain                    <\/span>\r\n            <\/h3>\r\n<\/div>\t\t<\/div>\n\t\t\t\t<\/div>\n\t\t            <\/div>\n        <\/div>\n                <div class=\"elementor-column elementor-col-50 elementor-top-column elementor-element elementor-element-89f4b61\" data-id=\"89f4b61\" data-element_type=\"column\">\n            <div class=\"elementor-widget-wrap elementor-element-populated\">\n                        \t\t<div class=\"elementor-element elementor-element-80ad649 elementor-widget elementor-widget-text-editor\" data-id=\"80ad649\" data-element_type=\"widget\" data-widget_type=\"text-editor.default\">\n\t\t\t\t<div class=\"elementor-widget-container\">\n\t\t\t\t\t<div class=\"elementor-text-editor elementor-clearfix\"><\/div>\n\t\t\t\t<\/div>\n\t\t\t\t<\/div>\n\t\t            <\/div>\n        <\/div>\n                            <\/div>\n        <\/section>\n                <section data-particle_enable=\"false\" data-particle-mobile-disabled=\"false\" class=\"elementor-section elementor-top-section elementor-element elementor-element-e2d4a6c elementor-section-boxed elementor-section-height-default elementor-section-height-default\" data-id=\"e2d4a6c\" data-element_type=\"section\">\n            \n                        <div class=\"elementor-container elementor-column-gap-extended \">\n                    <div class=\"elementor-column elementor-col-100 elementor-top-column elementor-element elementor-element-de3f4f6\" data-id=\"de3f4f6\" data-element_type=\"column\">\n            <div class=\"elementor-widget-wrap elementor-element-populated\">\n                        \t\t<div class=\"elementor-element elementor-element-605e76d elementor-widget elementor-widget-ct_team_details\" data-id=\"605e76d\" data-element_type=\"widget\" data-widget_type=\"ct_team_details.default\">\n\t\t\t\t<div class=\"elementor-widget-container\">\n\t\t\t<div class=\"ct-team-details\">\r\n\t\t\t<div class=\"ct-team-image bg-image\" style=\"background-image: url(http:\/\/www.keliyagwh.com\/icongroupdrcdemo2\/wp-content\/uploads\/2021\/04\/Anne2.jpg);\"><\/div>\r\n\t\t<div class=\"ct-team-content bg-image\">\r\n\t\t<div class=\"ct-team-holder\">\r\n\t\t\t<div class=\"ct-team-icon\"><i class=\"fac fac-user-cog\"><\/i><\/div>\r\n\t\t\t<div class=\"ct-team-meta\">\r\n\t\t\t\t<h3 class=\"ct-team-title\">Anne Busanga<\/h3>\r\n\t\t\t\t<div class=\"ct-team-position\">Directrice administrative et R.H.<\/div>\r\n\t\t\t<\/div>\r\n\t\t<\/div>\r\n\t\t<ul class=\"ct-team-contact\">\r\n\t\t\t\t\t\t\t<li><i class=\"fac fac-envelope\"><\/i>anne.busanga@icongroupdrc.com<\/li>\r\n\t\t\t\t\t\t\t\t\t\t<li><i class=\"fac fac-phone\"><\/i>+243 99 949 2004<\/li>\r\n\t\t\t\t\t\t\t\t\t\t<li class=\"contact-address\"><i class=\"fac fac-map-marker-alt\"><\/i>48 Av. Roi Beaudoin 3e \u00e9tage, local No 3C, Gombe Kinshasa, RD Congo<\/li>\r\n\t\t\t\t\t<\/ul>\r\n\t\t<div class=\"ct-team-social\">\r\n\t\t\t\t\t\t\t\t\t\t<div class=\"ct-team-social-list\">\r\n\t\t\t\t\t\t\t\t            \t\t\t                <a href=\"#\">\r\n\t\t\t                    <i aria-hidden=\"true\" class=\"material zmdi zmdi-linkedin\"><\/i>\t\t\t                    \t\t\t                <\/a>\r\n\t\t\t            \t\t\t        \t\t\t            \t\t\t                <a href=\"#\">\r\n\t\t\t                    <i aria-hidden=\"true\" class=\"fab fa-twitter\"><\/i>\t\t\t                    \t\t\t                <\/a>\r\n\t\t\t            \t\t\t        \t\t\t\t<\/div>\r\n\t\t\t\t\t<\/div>\r\n\t<\/div>\r\n<\/div>\t\t<\/div>\n\t\t\t\t<\/div>\n\t\t            <\/div>\n        <\/div>\n                            <\/div>\n        <\/section>\n                <section data-particle_enable=\"false\" data-particle-mobile-disabled=\"false\" class=\"elementor-section elementor-top-section elementor-element elementor-element-2b0ab90 elementor-section-boxed elementor-section-height-default elementor-section-height-default\" data-id=\"2b0ab90\" data-element_type=\"section\">\n            \n                        <div class=\"elementor-container elementor-column-gap-default \">\n                    <div class=\"elementor-column elementor-col-100 elementor-top-column elementor-element elementor-element-11c2a9c\" data-id=\"11c2a9c\" data-element_type=\"column\">\n            <div class=\"elementor-widget-wrap elementor-element-populated\">\n                        \t\t<div class=\"elementor-element elementor-element-5f5bc25 elementor-widget elementor-widget-text-editor\" data-id=\"5f5bc25\" data-element_type=\"widget\" data-widget_type=\"text-editor.default\">\n\t\t\t\t<div class=\"elementor-widget-container\">\n\t\t\t\t\t<div class=\"elementor-text-editor elementor-clearfix\"><p>Anne a g\u00e9r\u00e9 les directions administratives, ressources humaines et logistiques de plusieurs entreprises de bonne r\u00e9putation en RDC. Elle a \u00e9galement travaill\u00e9 pour des projets de coop\u00e9ration pilot\u00e9s par les bailleurs bilat\u00e9raux ou multilat\u00e9raux dont : FNUAP ou bien la Banque mondiale avec la gestion des plans sociaux pour lib\u00e9rer les marges de fonctionnement des soci\u00e9t\u00e9s d\u2019\u00c9tat telles que la Regideso, la G\u00e9camines, la SNCC ou la SNEL.\u00a0<\/p><p>Anne est dipl\u00f4m\u00e9e de l&#8217;\u00e9cole d&#8217;administration Academia et est \u00e9galement pass\u00e9e par l&#8217;Institut Sup\u00e9rieur de Commerce en RDC.<\/p><\/div>\n\t\t\t\t<\/div>\n\t\t\t\t<\/div>\n\t\t            <\/div>\n        <\/div>\n                            <\/div>\n        <\/section>\n                <section data-particle_enable=\"false\" data-particle-mobile-disabled=\"false\" class=\"elementor-section elementor-top-section elementor-element elementor-element-f3d2e30 elementor-section-boxed elementor-section-height-default elementor-section-height-default\" data-id=\"f3d2e30\" data-element_type=\"section\">\n            \n                        <div class=\"elementor-container elementor-column-gap-extended \">\n                    <div class=\"elementor-column elementor-col-50 elementor-top-column elementor-element elementor-element-6b4a0ae\" data-id=\"6b4a0ae\" data-element_type=\"column\">\n            <div class=\"elementor-widget-wrap elementor-element-populated\">\n                        \t\t<div class=\"elementor-element elementor-element-17e0426 elementor-widget elementor-widget-ct_fancy_box\" data-id=\"17e0426\" data-element_type=\"widget\" data-widget_type=\"ct_fancy_box.default\">\n\t\t\t\t<div class=\"elementor-widget-container\">\n\t\t\t<div class=\"ct-fancy-box ct-fancy-box-layout2 \" data-wow-delay=\"ms\">\r\n            <div class=\"item--icon\">\r\n            <i aria-hidden=\"true\" class=\"flaticon flaticon-skill\"><\/i>        <\/div>\r\n            <div class=\"item--holder\">\r\n        <h3 class=\"item--title\">\r\n            Vision        <\/h3>\r\n        <div class=\"item--description\">Notre vision est de devenir la premi\u00e8re entreprise de confiance dans le secteur minier de la RDC.<\/div>\r\n    <\/div>\r\n<\/div>\t\t<\/div>\n\t\t\t\t<\/div>\n\t\t            <\/div>\n        <\/div>\n                <div class=\"elementor-column elementor-col-50 elementor-top-column elementor-element elementor-element-eaf1b54\" data-id=\"eaf1b54\" data-element_type=\"column\">\n            <div class=\"elementor-widget-wrap elementor-element-populated\">\n                        \t\t<div class=\"elementor-element elementor-element-faff530 elementor-widget elementor-widget-ct_fancy_box\" data-id=\"faff530\" data-element_type=\"widget\" data-widget_type=\"ct_fancy_box.default\">\n\t\t\t\t<div class=\"elementor-widget-container\">\n\t\t\t<div class=\"ct-fancy-box ct-fancy-box-layout2 \" data-wow-delay=\"ms\">\r\n            <div class=\"item--icon\">\r\n            <i aria-hidden=\"true\" class=\"flaticon flaticon-setting-spanner\"><\/i>        <\/div>\r\n            <div class=\"item--holder\">\r\n        <h3 class=\"item--title\">\r\n            Mission        <\/h3>\r\n        <div class=\"item--description\">Notre mission est de nous occuper des probl\u00e8mes d\u2019administration, de ressources humaines et de paie afin que vous puissiez vous concentrer sur ce que vous faites de mieux.<\/div>\r\n    <\/div>\r\n<\/div>\t\t<\/div>\n\t\t\t\t<\/div>\n\t\t            <\/div>\n        <\/div>\n                            <\/div>\n        <\/section>\n                <section data-particle_enable=\"false\" data-particle-mobile-disabled=\"false\" class=\"elementor-section elementor-top-section elementor-element elementor-element-dc573bc elementor-section-stretched elementor-section-boxed elementor-section-height-default elementor-section-height-default\" data-id=\"dc573bc\" data-element_type=\"section\" data-settings=\"{&quot;stretch_section&quot;:&quot;section-stretched&quot;,&quot;background_background&quot;:&quot;classic&quot;}\">\n            \n                        <div class=\"elementor-container elementor-column-gap-extended \">\n                    <div class=\"elementor-column elementor-col-100 elementor-top-column elementor-element elementor-element-2886ef61\" data-id=\"2886ef61\" data-element_type=\"column\">\n            <div class=\"elementor-widget-wrap elementor-element-populated\">\n                                <section data-particle_enable=\"false\" data-particle-mobile-disabled=\"false\" class=\"elementor-section elementor-inner-section elementor-element elementor-element-4bee8bc4 elementor-section-boxed elementor-section-height-default elementor-section-height-default\" data-id=\"4bee8bc4\" data-element_type=\"section\">\n            \n                        <div class=\"elementor-container elementor-column-gap-extended \">\n                    <div class=\"elementor-column elementor-col-33 elementor-inner-column elementor-element elementor-element-4b7bcb0c\" data-id=\"4b7bcb0c\" data-element_type=\"column\">\n            <div class=\"elementor-widget-wrap\">\n                                    <\/div>\n        <\/div>\n                <div class=\"elementor-column elementor-col-33 elementor-inner-column elementor-element elementor-element-3ea6f807\" data-id=\"3ea6f807\" data-element_type=\"column\">\n            <div class=\"elementor-widget-wrap elementor-element-populated\">\n                        \t\t<div class=\"elementor-element elementor-element-61122973 elementor-widget elementor-widget-ct_heading\" data-id=\"61122973\" data-element_type=\"widget\" data-widget_type=\"ct_heading.default\">\n\t\t\t\t<div class=\"elementor-widget-container\">\n\t\t\t<div class=\"ct-heading h-align-center  sub-style1 ct-heading-left item-st-default\" data-wow-delay=\"ms\">\r\n\t\t\t<div class=\"item--sub-title style1 hide-line\">\r\n            Clients                                <\/div>\r\n\t    <h3 class=\"item--title st-default\">\r\n                <span>\r\n                        Ils nous font confiance                    <\/span>\r\n            <\/h3>\r\n<\/div>\t\t<\/div>\n\t\t\t\t<\/div>\n\t\t\t\t<div class=\"elementor-element elementor-element-5495cb64 elementor-widget-divider--view-line elementor-widget elementor-widget-divider\" data-id=\"5495cb64\" data-element_type=\"widget\" data-widget_type=\"divider.default\">\n\t\t\t\t<div class=\"elementor-widget-container\">\n\t\t\t\t\t<div class=\"elementor-divider\">\n\t\t\t<span class=\"elementor-divider-separator\">\n\t\t\t\t\t\t<\/span>\n\t\t<\/div>\n\t\t\t\t<\/div>\n\t\t\t\t<\/div>\n\t\t            <\/div>\n        <\/div>\n                <div class=\"elementor-column elementor-col-33 elementor-inner-column elementor-element elementor-element-1dd5c7e2\" data-id=\"1dd5c7e2\" data-element_type=\"column\">\n            <div class=\"elementor-widget-wrap\">\n                                    <\/div>\n        <\/div>\n                            <\/div>\n        <\/section>\n        \t\t<div class=\"elementor-element elementor-element-3cc19195 elementor-widget elementor-widget-ct_clients_list\" data-id=\"3cc19195\" data-element_type=\"widget\" data-widget_type=\"ct_clients_list.default\">\n\t\t\t\t<div class=\"elementor-widget-container\">\n\t\t\t    <div class=\"ct-client1 ct-slick-slider style1\">\r\n        <div class=\"ct-clients-list-inner\">\r\n            <div class=\"ct-slick-carousel\" data-arrows=\"\" data-dots=\"true\" data-pauseOnHover=\"true\" data-autoplay=\"true\" data-autoplaySpeed=\"8000\" data-infinite=\"true\" data-speed=\"800\" data-colxs=\"2\" data-colsm=\"3\" data-colmd=\"4\" data-collg=\"4\" data-colxl=\"4\" data-dir=\"false\" data-slidesToScroll=\"1\">\r\n                                        <div class=\"slick-slide\">\r\n                            <div class=\"client-image \">\r\n                                <a href=\"#\">\r\n                                    <img width=\"500\" height=\"300\" src=\"http:\/\/www.keliyagwh.com\/icongroupdrcdemo2\/wp-content\/uploads\/2021\/04\/Tiger.png\" class=\"attachment-full\" alt=\"\" \/>                                                                    <\/a>\r\n                            <\/div>\r\n                        <\/div>\r\n                                                            <div class=\"slick-slide\">\r\n                            <div class=\"client-image \">\r\n                                <a href=\"#\">\r\n                                    <img width=\"500\" height=\"300\" src=\"http:\/\/www.keliyagwh.com\/icongroupdrcdemo2\/wp-content\/uploads\/2021\/04\/Kanu.png\" class=\"attachment-full\" alt=\"\" \/>                                                                    <\/a>\r\n                            <\/div>\r\n                        <\/div>\r\n                                                            <div class=\"slick-slide\">\r\n                            <div class=\"client-image \">\r\n                                <a href=\"#\">\r\n                                    <img width=\"500\" height=\"300\" src=\"http:\/\/www.keliyagwh.com\/icongroupdrcdemo2\/wp-content\/uploads\/2021\/04\/Kamoa.png\" class=\"attachment-full\" alt=\"\" \/>                                                                    <\/a>\r\n                            <\/div>\r\n                        <\/div>\r\n                                                            <div class=\"slick-slide\">\r\n                            <div class=\"client-image \">\r\n                                <a href=\"#\">\r\n                                    <img width=\"500\" height=\"300\" src=\"http:\/\/www.keliyagwh.com\/icongroupdrcdemo2\/wp-content\/uploads\/2021\/04\/JinChuan.png\" class=\"attachment-full\" alt=\"\" \/>                                                                    <\/a>\r\n                            <\/div>\r\n                        <\/div>\r\n                                                            <div class=\"slick-slide\">\r\n                            <div class=\"client-image \">\r\n                                <a href=\"#\">\r\n                                    <img width=\"500\" height=\"300\" src=\"http:\/\/www.keliyagwh.com\/icongroupdrcdemo2\/wp-content\/uploads\/2021\/04\/Ivanhoe.png\" class=\"attachment-full\" alt=\"\" \/>                                                                    <\/a>\r\n                            <\/div>\r\n                        <\/div>\r\n                                                            <div class=\"slick-slide\">\r\n                            <div class=\"client-image \">\r\n                                <a href=\"#\">\r\n                                    <img width=\"500\" height=\"300\" src=\"http:\/\/www.keliyagwh.com\/icongroupdrcdemo2\/wp-content\/uploads\/2021\/04\/Glencore.png\" class=\"attachment-full\" alt=\"\" \/>                                                                    <\/a>\r\n                            <\/div>\r\n                        <\/div>\r\n                                                            <div class=\"slick-slide\">\r\n                            <div class=\"client-image \">\r\n                                <a href=\"#\">\r\n                                    <img width=\"500\" height=\"300\" src=\"http:\/\/www.keliyagwh.com\/icongroupdrcdemo2\/wp-content\/uploads\/2021\/04\/ERG.png\" class=\"attachment-full\" alt=\"\" \/>                                                                    <\/a>\r\n                            <\/div>\r\n                        <\/div>\r\n                                                            <div class=\"slick-slide\">\r\n                            <div class=\"client-image \">\r\n                                <a href=\"#\">\r\n                                    <img width=\"500\" height=\"300\" src=\"http:\/\/www.keliyagwh.com\/icongroupdrcdemo2\/wp-content\/uploads\/2021\/04\/DRA.png\" class=\"attachment-full\" alt=\"\" \/>                                                                    <\/a>\r\n                            <\/div>\r\n                        <\/div>\r\n                                                            <div class=\"slick-slide\">\r\n                            <div class=\"client-image \">\r\n                                <a href=\"#\">\r\n                                    <img width=\"500\" height=\"300\" src=\"http:\/\/www.keliyagwh.com\/icongroupdrcdemo2\/wp-content\/uploads\/2021\/04\/Dimension-Data.png\" class=\"attachment-full\" alt=\"\" \/>                                                                    <\/a>\r\n                            <\/div>\r\n                        <\/div>\r\n                                                            <div class=\"slick-slide\">\r\n                            <div class=\"client-image \">\r\n                                <a href=\"#\">\r\n                                    <img width=\"500\" height=\"300\" src=\"http:\/\/www.keliyagwh.com\/icongroupdrcdemo2\/wp-content\/uploads\/2021\/04\/DEM.png\" class=\"attachment-full\" alt=\"\" \/>                                                                    <\/a>\r\n                            <\/div>\r\n                        <\/div>\r\n                                                            <div class=\"slick-slide\">\r\n                            <div class=\"client-image \">\r\n                                <a href=\"#\">\r\n                                    <img width=\"500\" height=\"300\" src=\"http:\/\/www.keliyagwh.com\/icongroupdrcdemo2\/wp-content\/uploads\/2021\/04\/CMOC.png\" class=\"attachment-full\" alt=\"\" \/>                                                                    <\/a>\r\n                            <\/div>\r\n                        <\/div>\r\n                                                            <div class=\"slick-slide\">\r\n                            <div class=\"client-image \">\r\n                                <a href=\"#\">\r\n                                    <img width=\"500\" height=\"300\" src=\"http:\/\/www.keliyagwh.com\/icongroupdrcdemo2\/wp-content\/uploads\/2021\/04\/CAT.png\" class=\"attachment-full\" alt=\"\" \/>                                                                    <\/a>\r\n                            <\/div>\r\n                        <\/div>\r\n                                                <\/div>\r\n        <\/div>\r\n    <\/div>\r\n\t\t<\/div>\n\t\t\t\t<\/div>\n\t\t            <\/div>\n        <\/div>\n                            <\/div>\n        <\/section>\n        \t\t\t\t<\/div>\n\t\t\t\t\t<\/div>\n\t\t","protected":false},"excerpt":{"rendered":"<p>Des solutions pour les entreprises de demain Anne Busanga Directrice administrative et R.H. anne.busanga@icongroupdrc.com +243 99 949 2004 48 Av. Roi Beaudoin 3e \u00e9tage, local No 3C, Gombe Kinshasa, RD Congo Anne a g\u00e9r\u00e9 les directions administratives, ressources humaines et logistiques de plusieurs entreprises de bonne r\u00e9putation en RDC. Elle a \u00e9galement travaill\u00e9 pour des [&hellip;]<\/p>\n","protected":false},"author":1,"featured_media":0,"parent":0,"menu_order":0,"comment_status":"closed","ping_status":"closed","template":"","meta":[],"_links":{"self":[{"href":"http:\/\/www.keliyagwh.com\/icongroupdrcdemo2\/wp-json\/wp\/v2\/pages\/5536"}],"collection":[{"href":"http:\/\/www.keliyagwh.com\/icongroupdrcdemo2\/wp-json\/wp\/v2\/pages"}],"about":[{"href":"http:\/\/www.keliyagwh.com\/icongroupdrcdemo2\/wp-json\/wp\/v2\/types\/page"}],"author":[{"embeddable":true,"href":"http:\/\/www.keliyagwh.com\/icongroupdrcdemo2\/wp-json\/wp\/v2\/users\/1"}],"replies":[{"embeddable":true,"href":"http:\/\/www.keliyagwh.com\/icongroupdrcdemo2\/wp-json\/wp\/v2\/comments?post=5536"}],"version-history":[{"count":8,"href":"http:\/\/www.keliyagwh.com\/icongroupdrcdemo2\/wp-json\/wp\/v2\/pages\/5536\/revisions"}],"predecessor-version":[{"id":5857,"href":"http:\/\/www.keliyagwh.com\/icongroupdrcdemo2\/wp-json\/wp\/v2\/pages\/5536\/revisions\/5857"}],"wp:attachment":[{"href":"http:\/\/www.keliyagwh.com\/icongroupdrcdemo2\/wp-json\/wp\/v2\/media?parent=5536"}],"curies":[{"name":"wp","href":"https:\/\/api.w.org\/{rel}","templated":true}]}}