{"id":25,"date":"2019-12-09T16:35:40","date_gmt":"2019-12-09T16:35:40","guid":{"rendered":"http:\/\/www.keliyagwh.com\/arknergie\/consulting\/"},"modified":"2020-12-23T18:32:29","modified_gmt":"2020-12-23T18:32:29","slug":"consulting","status":"publish","type":"page","link":"https:\/\/www.keliyagwh.com\/arknergie\/","title":{"rendered":"Accueil"},"content":{"rendered":"\t\t<div data-elementor-type=\"wp-page\" data-elementor-id=\"25\" class=\"elementor elementor-25\" data-elementor-settings=\"[]\">\n\t\t\t\t\t\t<div class=\"elementor-inner\">\n\t\t\t\t\t\t\t<div class=\"elementor-section-wrap\">\n\t\t\t\t\t\t\t<section bdt-parallax=\"bgy: 200\" class=\"elementor-section elementor-top-section elementor-element elementor-element-aeeeb0b elementor-section-content-middle elementor-section-boxed elementor-section-height-default elementor-section-height-default\" data-id=\"aeeeb0b\" data-element_type=\"section\" data-settings=\"{&quot;background_background&quot;:&quot;classic&quot;}\">\n\t\t\t\t\t\t\t<div class=\"elementor-background-overlay\"><\/div>\n\t\t\t\t\t\t\t<div class=\"elementor-container elementor-column-gap-default\">\n\t\t\t\t\t\t\t<div class=\"elementor-row\">\n\t\t\t\t\t<div class=\"elementor-column elementor-col-50 elementor-top-column elementor-element elementor-element-355deaf\" data-id=\"355deaf\" data-element_type=\"column\">\n\t\t\t<div class=\"elementor-column-wrap elementor-element-populated\">\n\t\t\t\t\t\t\t<div class=\"elementor-widget-wrap\">\n\t\t\t\t\t\t<div class=\"elementor-element elementor-element-5d6408a elementor-invisible elementor-widget elementor-widget-heading\" data-id=\"5d6408a\" data-element_type=\"widget\" data-settings=\"{&quot;_animation&quot;:&quot;fadeInUp&quot;,&quot;_animation_delay&quot;:200}\" data-widget_type=\"heading.default\">\n\t\t\t\t<div class=\"elementor-widget-container\">\n\t\t\t<h1 class=\"elementor-heading-title elementor-size-default\">Une entreprise de <br>Biotechnologie.<\/h1>\t\t<\/div>\n\t\t\t\t<\/div>\n\t\t\t\t<div class=\"elementor-element elementor-element-9436d85 elementor-invisible elementor-widget elementor-widget-heading\" data-id=\"9436d85\" data-element_type=\"widget\" data-settings=\"{&quot;_animation&quot;:&quot;fadeInUp&quot;,&quot;_animation_delay&quot;:400}\" data-widget_type=\"heading.default\">\n\t\t\t\t<div class=\"elementor-widget-container\">\n\t\t\t<h3 class=\"elementor-heading-title elementor-size-default\">Arknergie est une entreprise de Biotechnologie, sp\u00e9cialis\u00e9e dans la conception de produits pour l'agriculture. Les formulations sont destin\u00e9es \u00e0 la lutte contre les ravageurs et maladies des cultures.<\/h3>\t\t<\/div>\n\t\t\t\t<\/div>\n\t\t\t\t\t\t<\/div>\n\t\t\t\t\t<\/div>\n\t\t<\/div>\n\t\t\t\t<div class=\"elementor-column elementor-col-50 elementor-top-column elementor-element elementor-element-b6dcac5 animated-fast elementor-invisible\" data-id=\"b6dcac5\" data-element_type=\"column\" data-settings=\"{&quot;background_background&quot;:&quot;classic&quot;,&quot;animation&quot;:&quot;fadeIn&quot;,&quot;animation_delay&quot;:600}\">\n\t\t\t<div class=\"elementor-column-wrap elementor-element-populated\">\n\t\t\t\t\t\t\t<div class=\"elementor-widget-wrap\">\n\t\t\t\t\t\t<div class=\"elementor-element elementor-element-092c03e elementor-widget elementor-widget-heading\" data-id=\"092c03e\" data-element_type=\"widget\" data-widget_type=\"heading.default\">\n\t\t\t\t<div class=\"elementor-widget-container\">\n\t\t\t<h2 class=\"elementor-heading-title elementor-size-default\">Besoin d'informations<\/h2>\t\t<\/div>\n\t\t\t\t<\/div>\n\t\t\t\t<div class=\"elementor-element elementor-element-5ab5d21 elementor-widget elementor-widget-text-editor\" data-id=\"5ab5d21\" data-element_type=\"widget\" data-widget_type=\"text-editor.default\">\n\t\t\t\t<div class=\"elementor-widget-container\">\n\t\t\t\t\t<div class=\"elementor-text-editor elementor-clearfix\"><p class=\"p1\">\u00c9crivez-nous, nous nous efforcerons de vous r\u00e9pondre dans les 24 heures.<\/p><\/div>\n\t\t\t\t<\/div>\n\t\t\t\t<\/div>\n\t\t\t\t<div class=\"elementor-element elementor-element-5ab8f0e elementor-align-center elementor-widget elementor-widget-bdt-advanced-button\" data-id=\"5ab8f0e\" data-element_type=\"widget\" data-widget_type=\"bdt-advanced-button.default\">\n\t\t\t\t<div class=\"elementor-widget-container\">\n\t\t\t\t\t<div class=\"bdt-ep-button-wrapper\">\n\t\t\t<a href=\"mailto:info@arknergie.com\" class=\"bdt-ep-button bdt-ep-button-effect-a bdt-ep-button-size-xl\">\n\t\t\t\t\t\t<div class=\"bdt-ep-button-content-wrapper bdt-flex bdt-flex-middle  \" data-text=\"info@arknergie.com\">\n\t\t\t\t\t\t\t<div class=\"bdt-ep-button-icon bdt-flex-center bdt-flex-align-left\">\n\t\t\t\t\t<div class=\"bdt-ep-button-icon-inner\">\n\n\t\t\t\t\t<i aria-hidden=\"true\" class=\"fa-fw ti ti-email\"><\/i>\n\t\t\t\t\t<\/div>\n\t\t\t\t<\/div>\n\t\t\t\t\t\t<div class=\"bdt-ep-button-text\">\n\n                <span class=\"avdbtn-text\">info@arknergie.com<\/span>\n\n\t\t\t\t            <\/div>\n\n\t\t<\/div>\n\t\t\t\t\t<\/a>\n\t\t<\/div>\n\t\t\t\t<\/div>\n\t\t\t\t<\/div>\n\t\t\t\t<div class=\"elementor-element elementor-element-536dcf3 elementor-position-left elementor-vertical-align-middle bdt-icon-type-icon bdt-icon-effect-none elementor-widget elementor-widget-bdt-advanced-icon-box\" data-id=\"536dcf3\" data-element_type=\"widget\" data-widget_type=\"bdt-advanced-icon-box.default\">\n\t\t\t\t<div class=\"elementor-widget-container\">\n\t\t\t\t\t<div class=\"bdt-advanced-icon-box\">\n\n\t\t\t\t\t\t\t\n\t\t\t\t\t\t\t<div class=\"bdt-advanced-icon-box-icon\">\n\t\t\t\t\t<span class=\"bdt-icon-wrapper\">\n\n\n\t\t\t\t\t\t\n\t\t\t\t\t\t\t<i aria-hidden=\"true\" class=\"fas fa-lock\"><\/i>\n\t\t\t\t\t\t\t\n\t\t\t\t\t\t\t\t\t\t\t<\/span>\n\t\t\t\t<\/div>\n\t\t\t\n\t\t\t\t\t\t\t\t\n\t\t\t<div class=\"bdt-advanced-icon-box-content\">\n\t\t\t\t\n\t\t\t\t\t\t\t\t\t\n\t\t\t\t<h3 class=\"bdt-advanced-icon-box-title\">\n\t\t\t\t<span >\n\t\t\t\t\tNous ne faisons jamais de spam ni ne communiquons votre adresse\t\t\t\t<\/span>\n\t\t\t<\/h3>\n\t\t\n\n\t\t\n\t\t\t\t\t\t\n\t\t\t\t\n\t\t\t\t\n\t\t\t\t\t\t\t<\/div>\n\t\t<\/div>\n\n\t\t\n\t\t\n\t\t\t\t<\/div>\n\t\t\t\t<\/div>\n\t\t\t\t\t\t<\/div>\n\t\t\t\t\t<\/div>\n\t\t<\/div>\n\t\t\t\t\t\t\t\t<\/div>\n\t\t\t\t\t<\/div>\n\t\t<\/section>\n\t\t\t\t<section class=\"elementor-section elementor-top-section elementor-element elementor-element-5521742 elementor-section-boxed elementor-section-height-default elementor-section-height-default\" data-id=\"5521742\" data-element_type=\"section\">\n\t\t\t\t\t\t<div class=\"elementor-container elementor-column-gap-default\">\n\t\t\t\t\t\t\t<div class=\"elementor-row\">\n\t\t\t\t\t<div class=\"elementor-column elementor-col-100 elementor-top-column elementor-element elementor-element-2f67c84\" data-id=\"2f67c84\" data-element_type=\"column\">\n\t\t\t<div class=\"elementor-column-wrap elementor-element-populated\">\n\t\t\t\t\t\t\t<div class=\"elementor-widget-wrap\">\n\t\t\t\t\t\t<div class=\"elementor-element elementor-element-5d61244 elementor-widget elementor-widget-heading\" data-id=\"5d61244\" data-element_type=\"widget\" data-widget_type=\"heading.default\">\n\t\t\t\t<div class=\"elementor-widget-container\">\n\t\t\t<h4 class=\"elementor-heading-title elementor-size-medium\">1100, place du technoparc #110, Trois-Rivi\u00e8res, QC Canada, G9A 0A9<\/h4>\t\t<\/div>\n\t\t\t\t<\/div>\n\t\t\t\t\t\t<\/div>\n\t\t\t\t\t<\/div>\n\t\t<\/div>\n\t\t\t\t\t\t\t\t<\/div>\n\t\t\t\t\t<\/div>\n\t\t<\/section>\n\t\t\t\t<section class=\"elementor-section elementor-top-section elementor-element elementor-element-843895d elementor-section-content-middle elementor-section-boxed elementor-section-height-default elementor-section-height-default\" data-id=\"843895d\" data-element_type=\"section\">\n\t\t\t\t\t\t<div class=\"elementor-container elementor-column-gap-default\">\n\t\t\t\t\t\t\t<div class=\"elementor-row\">\n\t\t\t\t\t<div class=\"elementor-column elementor-col-50 elementor-top-column elementor-element elementor-element-6dd5d2f\" data-id=\"6dd5d2f\" data-element_type=\"column\">\n\t\t\t<div class=\"elementor-column-wrap elementor-element-populated\">\n\t\t\t\t\t\t\t<div class=\"elementor-widget-wrap\">\n\t\t\t\t\t\t<div class=\"elementor-element elementor-element-0b82594 elementor-invisible elementor-widget elementor-widget-heading\" data-id=\"0b82594\" data-element_type=\"widget\" data-settings=\"{&quot;_animation&quot;:&quot;fadeInUp&quot;}\" data-widget_type=\"heading.default\">\n\t\t\t\t<div class=\"elementor-widget-container\">\n\t\t\t<h2 class=\"elementor-heading-title elementor-size-default\">Qui sommes-nous ?<\/h2>\t\t<\/div>\n\t\t\t\t<\/div>\n\t\t\t\t<div class=\"elementor-element elementor-element-0bbb438 elementor-drop-cap-yes elementor-drop-cap-view-default elementor-invisible elementor-widget elementor-widget-text-editor\" data-id=\"0bbb438\" data-element_type=\"widget\" data-settings=\"{&quot;_animation&quot;:&quot;fadeInUp&quot;,&quot;_animation_delay&quot;:200,&quot;drop_cap&quot;:&quot;yes&quot;}\" data-widget_type=\"text-editor.default\">\n\t\t\t\t<div class=\"elementor-widget-container\">\n\t\t\t\t\t<div class=\"elementor-text-editor elementor-clearfix\"><p class=\"p1\">Arknergie est une entreprise de Biotechnologie, sp\u00e9cialis\u00e9e dans la conception de produits pour l&rsquo;agriculture. Les formulations sont destin\u00e9es \u00e0 la lutte contre les ravageurs et maladies des cultures.<\/p><p class=\"p1\">L&rsquo;entreprise a d\u00e9velopp\u00e9 une plate-forme technologique permettant de solubiliser les terp\u00e9no\u00efdes sans l&rsquo;usage de solvants inflammables et volatiles. La technologie assure la pr\u00e9servation des principes actifs des composants des huiles. Les produits obtenus ont des propri\u00e9t\u00e9s fongicide, bact\u00e9ricide, insecticide et sont efficaces pour la protection des cultures. La technologie contribue largement \u00e0 la protection de l&rsquo;environnement, \u00e0 travers des \u00e9conomies de ressources, et de meilleur rendement pour les producteurs.<\/p><\/div>\n\t\t\t\t<\/div>\n\t\t\t\t<\/div>\n\t\t\t\t\t\t<\/div>\n\t\t\t\t\t<\/div>\n\t\t<\/div>\n\t\t\t\t<div class=\"elementor-column elementor-col-50 elementor-top-column elementor-element elementor-element-c70fcc5\" data-id=\"c70fcc5\" data-element_type=\"column\">\n\t\t\t<div class=\"elementor-column-wrap elementor-element-populated\">\n\t\t\t\t\t\t\t<div class=\"elementor-widget-wrap\">\n\t\t\t\t\t\t<section class=\"elementor-section elementor-inner-section elementor-element elementor-element-d79a18b elementor-section-boxed elementor-section-height-default elementor-section-height-default\" data-id=\"d79a18b\" data-element_type=\"section\">\n\t\t\t\t\t\t<div class=\"elementor-container elementor-column-gap-default\">\n\t\t\t\t\t\t\t<div class=\"elementor-row\">\n\t\t\t\t\t<div class=\"elementor-column elementor-col-50 elementor-inner-column elementor-element elementor-element-5371295 elementor-invisible\" data-id=\"5371295\" data-element_type=\"column\" data-settings=\"{&quot;animation&quot;:&quot;fadeInUp&quot;,&quot;animation_delay&quot;:600}\">\n\t\t\t<div class=\"elementor-column-wrap elementor-element-populated\">\n\t\t\t\t\t\t\t<div class=\"elementor-widget-wrap\">\n\t\t\t\t\t\t<div class=\"elementor-element elementor-element-a24c731 elementor-widget elementor-widget-image\" data-id=\"a24c731\" data-element_type=\"widget\" data-widget_type=\"image.default\">\n\t\t\t\t<div class=\"elementor-widget-container\">\n\t\t\t\t\t<div class=\"elementor-image\">\n\t\t\t\t\t\t\t\t\t\t<img width=\"768\" height=\"1024\" src=\"https:\/\/www.keliyagwh.com\/arknergie\/wp-content\/uploads\/2020\/12\/IMG_20180923_145406_9-768x1024.jpg\" class=\"attachment-large size-large\" alt=\"\" loading=\"lazy\" srcset=\"https:\/\/www.keliyagwh.com\/arknergie\/wp-content\/uploads\/2020\/12\/IMG_20180923_145406_9-768x1024.jpg 768w, https:\/\/www.keliyagwh.com\/arknergie\/wp-content\/uploads\/2020\/12\/IMG_20180923_145406_9-225x300.jpg 225w, https:\/\/www.keliyagwh.com\/arknergie\/wp-content\/uploads\/2020\/12\/IMG_20180923_145406_9-1152x1536.jpg 1152w, https:\/\/www.keliyagwh.com\/arknergie\/wp-content\/uploads\/2020\/12\/IMG_20180923_145406_9-1536x2048.jpg 1536w, https:\/\/www.keliyagwh.com\/arknergie\/wp-content\/uploads\/2020\/12\/IMG_20180923_145406_9-488x650.jpg 488w, https:\/\/www.keliyagwh.com\/arknergie\/wp-content\/uploads\/2020\/12\/IMG_20180923_145406_9-scaled.jpg 1920w\" sizes=\"(max-width: 768px) 100vw, 768px\" \/>\t\t\t\t\t\t\t\t\t\t\t<\/div>\n\t\t\t\t<\/div>\n\t\t\t\t<\/div>\n\t\t\t\t\t\t<\/div>\n\t\t\t\t\t<\/div>\n\t\t<\/div>\n\t\t\t\t<div class=\"elementor-column elementor-col-50 elementor-inner-column elementor-element elementor-element-0e6e295 elementor-invisible\" data-id=\"0e6e295\" data-element_type=\"column\" data-settings=\"{&quot;animation&quot;:&quot;fadeInUp&quot;,&quot;animation_delay&quot;:800}\">\n\t\t\t<div class=\"elementor-column-wrap elementor-element-populated\">\n\t\t\t\t\t\t\t<div class=\"elementor-widget-wrap\">\n\t\t\t\t\t\t<div class=\"elementor-element elementor-element-c44ece2 elementor-widget elementor-widget-image\" data-id=\"c44ece2\" data-element_type=\"widget\" data-widget_type=\"image.default\">\n\t\t\t\t<div class=\"elementor-widget-container\">\n\t\t\t\t\t<div class=\"elementor-image\">\n\t\t\t\t\t\t\t\t\t\t<img width=\"768\" height=\"1024\" src=\"https:\/\/www.keliyagwh.com\/arknergie\/wp-content\/uploads\/2020\/12\/IMG_20180923_145056_2-768x1024.jpg\" class=\"attachment-large size-large\" alt=\"\" loading=\"lazy\" srcset=\"https:\/\/www.keliyagwh.com\/arknergie\/wp-content\/uploads\/2020\/12\/IMG_20180923_145056_2-768x1024.jpg 768w, https:\/\/www.keliyagwh.com\/arknergie\/wp-content\/uploads\/2020\/12\/IMG_20180923_145056_2-225x300.jpg 225w, https:\/\/www.keliyagwh.com\/arknergie\/wp-content\/uploads\/2020\/12\/IMG_20180923_145056_2-1152x1536.jpg 1152w, https:\/\/www.keliyagwh.com\/arknergie\/wp-content\/uploads\/2020\/12\/IMG_20180923_145056_2-1536x2048.jpg 1536w, https:\/\/www.keliyagwh.com\/arknergie\/wp-content\/uploads\/2020\/12\/IMG_20180923_145056_2-488x650.jpg 488w, https:\/\/www.keliyagwh.com\/arknergie\/wp-content\/uploads\/2020\/12\/IMG_20180923_145056_2-scaled.jpg 1920w\" sizes=\"(max-width: 768px) 100vw, 768px\" \/>\t\t\t\t\t\t\t\t\t\t\t<\/div>\n\t\t\t\t<\/div>\n\t\t\t\t<\/div>\n\t\t\t\t\t\t<\/div>\n\t\t\t\t\t<\/div>\n\t\t<\/div>\n\t\t\t\t\t\t\t\t<\/div>\n\t\t\t\t\t<\/div>\n\t\t<\/section>\n\t\t\t\t<section class=\"elementor-section elementor-inner-section elementor-element elementor-element-cc6566f elementor-section-boxed elementor-section-height-default elementor-section-height-default\" data-id=\"cc6566f\" data-element_type=\"section\">\n\t\t\t\t\t\t<div class=\"elementor-container elementor-column-gap-default\">\n\t\t\t\t\t\t\t<div class=\"elementor-row\">\n\t\t\t\t\t<div class=\"elementor-column elementor-col-50 elementor-inner-column elementor-element elementor-element-a3517aa elementor-invisible\" data-id=\"a3517aa\" data-element_type=\"column\" data-settings=\"{&quot;animation&quot;:&quot;fadeInUp&quot;,&quot;animation_delay&quot;:1000}\">\n\t\t\t<div class=\"elementor-column-wrap elementor-element-populated\">\n\t\t\t\t\t\t\t<div class=\"elementor-widget-wrap\">\n\t\t\t\t\t\t<div class=\"elementor-element elementor-element-991a123 elementor-widget elementor-widget-image\" data-id=\"991a123\" data-element_type=\"widget\" data-widget_type=\"image.default\">\n\t\t\t\t<div class=\"elementor-widget-container\">\n\t\t\t\t\t<div class=\"elementor-image\">\n\t\t\t\t\t\t\t\t\t\t<img width=\"768\" height=\"1024\" src=\"https:\/\/www.keliyagwh.com\/arknergie\/wp-content\/uploads\/2020\/12\/IMG_20180923_145550_4-768x1024.jpg\" class=\"attachment-large size-large\" alt=\"\" loading=\"lazy\" srcset=\"https:\/\/www.keliyagwh.com\/arknergie\/wp-content\/uploads\/2020\/12\/IMG_20180923_145550_4-768x1024.jpg 768w, https:\/\/www.keliyagwh.com\/arknergie\/wp-content\/uploads\/2020\/12\/IMG_20180923_145550_4-225x300.jpg 225w, https:\/\/www.keliyagwh.com\/arknergie\/wp-content\/uploads\/2020\/12\/IMG_20180923_145550_4-1152x1536.jpg 1152w, https:\/\/www.keliyagwh.com\/arknergie\/wp-content\/uploads\/2020\/12\/IMG_20180923_145550_4-1536x2048.jpg 1536w, https:\/\/www.keliyagwh.com\/arknergie\/wp-content\/uploads\/2020\/12\/IMG_20180923_145550_4-488x650.jpg 488w, https:\/\/www.keliyagwh.com\/arknergie\/wp-content\/uploads\/2020\/12\/IMG_20180923_145550_4-scaled.jpg 1920w\" sizes=\"(max-width: 768px) 100vw, 768px\" \/>\t\t\t\t\t\t\t\t\t\t\t<\/div>\n\t\t\t\t<\/div>\n\t\t\t\t<\/div>\n\t\t\t\t\t\t<\/div>\n\t\t\t\t\t<\/div>\n\t\t<\/div>\n\t\t\t\t<div class=\"elementor-column elementor-col-50 elementor-inner-column elementor-element elementor-element-0ec7d40 elementor-invisible\" data-id=\"0ec7d40\" data-element_type=\"column\" data-settings=\"{&quot;animation&quot;:&quot;fadeInUp&quot;,&quot;animation_delay&quot;:1200}\">\n\t\t\t<div class=\"elementor-column-wrap elementor-element-populated\">\n\t\t\t\t\t\t\t<div class=\"elementor-widget-wrap\">\n\t\t\t\t\t\t<div class=\"elementor-element elementor-element-0ecc7af elementor-widget elementor-widget-image\" data-id=\"0ecc7af\" data-element_type=\"widget\" data-widget_type=\"image.default\">\n\t\t\t\t<div class=\"elementor-widget-container\">\n\t\t\t\t\t<div class=\"elementor-image\">\n\t\t\t\t\t\t\t\t\t\t<img width=\"768\" height=\"1024\" src=\"https:\/\/www.keliyagwh.com\/arknergie\/wp-content\/uploads\/2020\/12\/background9-768x1024.jpg\" class=\"attachment-large size-large\" alt=\"\" loading=\"lazy\" srcset=\"https:\/\/www.keliyagwh.com\/arknergie\/wp-content\/uploads\/2020\/12\/background9-768x1024.jpg 768w, https:\/\/www.keliyagwh.com\/arknergie\/wp-content\/uploads\/2020\/12\/background9-225x300.jpg 225w, https:\/\/www.keliyagwh.com\/arknergie\/wp-content\/uploads\/2020\/12\/background9-1152x1536.jpg 1152w, https:\/\/www.keliyagwh.com\/arknergie\/wp-content\/uploads\/2020\/12\/background9-488x650.jpg 488w, https:\/\/www.keliyagwh.com\/arknergie\/wp-content\/uploads\/2020\/12\/background9.jpg 1300w\" sizes=\"(max-width: 768px) 100vw, 768px\" \/>\t\t\t\t\t\t\t\t\t\t\t<\/div>\n\t\t\t\t<\/div>\n\t\t\t\t<\/div>\n\t\t\t\t\t\t<\/div>\n\t\t\t\t\t<\/div>\n\t\t<\/div>\n\t\t\t\t\t\t\t\t<\/div>\n\t\t\t\t\t<\/div>\n\t\t<\/section>\n\t\t\t\t\t\t<\/div>\n\t\t\t\t\t<\/div>\n\t\t<\/div>\n\t\t\t\t\t\t\t\t<\/div>\n\t\t\t\t\t<\/div>\n\t\t<\/section>\n\t\t\t\t\t\t<\/div>\n\t\t\t\t\t\t<\/div>\n\t\t\t\t\t<\/div>\n\t\t","protected":false},"excerpt":{"rendered":"<p>Une entreprise de Biotechnologie. Arknergie est une entreprise de Biotechnologie, sp\u00e9cialis\u00e9e dans la conception de produits pour l&rsquo;agriculture. Les formulations sont destin\u00e9es [&hellip;]<\/p>\n","protected":false},"author":1,"featured_media":6,"parent":0,"menu_order":0,"comment_status":"closed","ping_status":"closed","template":"","meta":[],"_links":{"self":[{"href":"https:\/\/www.keliyagwh.com\/arknergie\/wp-json\/wp\/v2\/pages\/25"}],"collection":[{"href":"https:\/\/www.keliyagwh.com\/arknergie\/wp-json\/wp\/v2\/pages"}],"about":[{"href":"https:\/\/www.keliyagwh.com\/arknergie\/wp-json\/wp\/v2\/types\/page"}],"author":[{"embeddable":true,"href":"https:\/\/www.keliyagwh.com\/arknergie\/wp-json\/wp\/v2\/users\/1"}],"replies":[{"embeddable":true,"href":"https:\/\/www.keliyagwh.com\/arknergie\/wp-json\/wp\/v2\/comments?post=25"}],"version-history":[{"count":34,"href":"https:\/\/www.keliyagwh.com\/arknergie\/wp-json\/wp\/v2\/pages\/25\/revisions"}],"predecessor-version":[{"id":106,"href":"https:\/\/www.keliyagwh.com\/arknergie\/wp-json\/wp\/v2\/pages\/25\/revisions\/106"}],"wp:featuredmedia":[{"embeddable":true,"href":"https:\/\/www.keliyagwh.com\/arknergie\/wp-json\/wp\/v2\/media\/6"}],"wp:attachment":[{"href":"https:\/\/www.keliyagwh.com\/arknergie\/wp-json\/wp\/v2\/media?parent=25"}],"curies":[{"name":"wp","href":"https:\/\/api.w.org\/{rel}","templated":true}]}}